{"id":65,"date":"2022-12-09T13:02:30","date_gmt":"2022-12-09T13:02:30","guid":{"rendered":"https:\/\/msd-online.pt\/pt\/?page_id=65"},"modified":"2023-10-17T17:57:00","modified_gmt":"2023-10-17T17:57:00","slug":"curso-biblico-por-correspondencia","status":"publish","type":"page","link":"https:\/\/msd-online.pt\/pt\/curso-biblico-por-correspondencia\/","title":{"rendered":"Curso B\u00edblico por Correspond\u00eancia"},"content":{"rendered":"<h4><strong>O Que Sabemos sobre a B\u00edblia, Deus e a exist\u00eancia de todas as coisas?<\/strong><\/h4>\n<p>&nbsp;<\/p>\n<p class=\"align-center\" style=\"padding-top: 0px; padding-bottom: 5px;\">Encontra respostas neste curso b\u00edblico por correspond\u00eancia gratuito e sem compromisso.<br \/>Este estudo \u00e9 um encorajamento e uma ajuda para aplicares a palavra de Deus no teu dia a dia.<\/p>\n<\/p>\n<p><center><a style=\"background-color: #e3000b; background-image: none; border-bottom-left-radius: 3px; border-bottom-right-radius: 3px; border-image-outset: 0; border-image-repeat: stretch; border-image-slice: 100%; border-image-source: none; border-image-width: 1; border-top-left-radius: 3px; border-top-right-radius: 3px; box-shadow: rgba(227, 0, 11, 0.14) 0px 2px 2px 0px, rgba(227, 0, 11, 0.2) 0px 3px 1px -2px, rgba(227, 0, 11, 0.12) 0px 1px 5px 0px; box-sizing: border-box; color: #ffffff; cursor: pointer; direction: ltr; display: inline-block; font-size: 12px; font-weight: 400; letter-spacing: normal; line-height: 17.15px; outline-color: #ffffff; outline-style: none; outline-width: 0px; overflow-wrap: break-word; position: relative; text-align: center; text-decoration-color: #ffffff; text-decoration-line: none; text-decoration-style: solid; text-decoration-thickness: auto; text-transform: uppercase; touch-action: manipulation; transition-delay: 0s, 0s, 0s; transition-duration: 0.2s, 0.2s, 0.2s; transition-property: box-shadow, background-color, box-shadow; transition-timing-function: cubic-bezier(0.4, 0, 1, 1), cubic-bezier(0.4, 0, 0.2, 1), cubic-bezier(0.4, 0, 1, 1); user-select: none; vertical-align: middle; white-space: normal; padding: 15px 33px 15px 33px; margin: 0px; border: 0px none #ffffff;\" href=\"https:\/\/msd-online.pt\/cbc-msd-online\/\" target=\"_self\" rel=\"noopener\">Estou em Portugal e quero fazer este curso<\/a><\/center><\/p>\n<p style=\"padding-top: 0px; padding-bottom: 5px;\"><img decoding=\"async\" style=\"margin-right: 10px; img-shadow: 10px 10px 5px black; float: right;\" src=\"https:\/\/msd-online.pt\/pt\/wp-content\/uploads\/2022\/12\/tn_fdkPT.png\" alt=\"tn_fdkPT\" height=\"280\" \/><img loading=\"lazy\" decoding=\"async\" style=\"margin-right: 15px; vertical-align: middle; float: left;\" src=\"https:\/\/msd-online.pt\/pt\/wp-content\/uploads\/2022\/12\/comment_user_page_32.png\" alt=\"\" width=\"32\" height=\"32\" \/>Inscreve-te e aguarda o envio da 1\u00aa li\u00e7\u00e3o.<\/p>\n<p style=\"padding-top: 0px; padding-bottom: 5px;\"><img loading=\"lazy\" decoding=\"async\" style=\"margin-right: 15px; vertical-align: middle; float: left;\" src=\"https:\/\/msd-online.pt\/pt\/wp-content\/uploads\/2022\/12\/pencil_32.png\" alt=\"\" width=\"32\" height=\"32\" \/>Estuda a li\u00e7\u00e3o e responde \u00e0s perguntas. Os vers\u00edculos b\u00edblicos de que necessitas para responder j\u00e1 est\u00e3o inseridos no texto.<\/p>\n<p style=\"padding-top: 0px; padding-bottom: 5px;\"><img loading=\"lazy\" decoding=\"async\" style=\"margin-right: 15px; vertical-align: middle; float: left;\" src=\"https:\/\/msd-online.pt\/pt\/wp-content\/uploads\/2022\/12\/email_32.png\" alt=\"\" width=\"32\" height=\"32\" \/>Devolve a li\u00e7\u00e3o preenchida para a morada indicada. Receber\u00e1s a li\u00e7\u00e3o corrigida e a li\u00e7\u00e3o seguinte.<\/p>\n<p style=\"padding-top: 0px; padding-bottom: 5px;\"><img loading=\"lazy\" decoding=\"async\" style=\"margin-right: 15px; vertical-align: middle; float: left;\" src=\"https:\/\/msd-online.pt\/pt\/wp-content\/uploads\/2022\/12\/search_32.png\" alt=\"\" width=\"32\" height=\"32\" \/>Se tens uma B\u00edblia, l\u00ea regularmente. Come\u00e7a pelo Novo Testamento, a 2\u00aa parte da B\u00edblia. Quanto mais l\u00eas a Palavra de Deus, mais a sua mensagem entra no teu cora\u00e7\u00e3o e enriquece a tua vida interior.<\/p>\n<p style=\"padding-top: 0px; padding-bottom: 5px;\"><img loading=\"lazy\" decoding=\"async\" style=\"margin-right: 15px; vertical-align: middle; float: left;\" src=\"https:\/\/msd-online.pt\/pt\/wp-content\/uploads\/2022\/12\/lightbulb_32.png\" alt=\"\" width=\"32\" height=\"32\" \/>Este curso foi concebido para que possas conhecer melhor a B\u00edblia e, atrav\u00e9s dela, o amor e a justi\u00e7a do nosso Criador. Vais descobrir a vida e a obra de Jesus Cristo e com ele o caminho para a vida eterna.<\/p>\n<p style=\"padding-top: 0px; padding-bottom: 5px;\"><img loading=\"lazy\" decoding=\"async\" style=\"margin-right: 15px; vertical-align: middle; float: left;\" src=\"https:\/\/msd-online.pt\/pt\/wp-content\/uploads\/2022\/12\/comment_32.png\" alt=\"\" width=\"32\" height=\"32\" \/>N\u00e3o hesites em contactar-nos para esclarecer as d\u00favidas de car\u00e1cter espiritual. Os nossos conselheiros estar\u00e3o \u00e0 tua disposi\u00e7\u00e3o. Este curso procura responder \u00e0s grandes perguntas que as pessoas fazem sobre o sentido da vida.<\/p>\n<p style=\"padding-top: 0px; padding-bottom: 5px;\"><img loading=\"lazy\" decoding=\"async\" style=\"margin-right: 15px; vertical-align: middle; float: left;\" src=\"https:\/\/msd-online.pt\/pt\/wp-content\/uploads\/2022\/12\/hammer_32.png\" alt=\"\" width=\"32\" height=\"32\" \/>Queremos encorajar-te a ir at\u00e9 ao fim do curso. N\u00e3o o fa\u00e7as como uma obriga\u00e7\u00e3o mas deixa-te interpelar para que a tua vida seja vivida em harmonia com Deus.<\/p>\n<p style=\"padding-top: 0px; padding-bottom: 5px;\"><img loading=\"lazy\" decoding=\"async\" style=\"margin-right: 15px; vertical-align: middle; float: left;\" src=\"https:\/\/msd-online.pt\/pt\/wp-content\/uploads\/2022\/12\/heart_32.png\" alt=\"\" width=\"32\" height=\"32\" \/>Descobrir\u00e1s quanto Jesus te ama e quer cuidar de ti. Um dia poder\u00e1s tamb\u00e9m ajudar os teus amigos com o que tiveres aprendido.<\/p>\n<p style=\"padding-top: 0px; padding-bottom: 5px;\">Ficamos a orar por ti pedindo a Deus que este estudo possa um encorajamento e uma ajuda para aplicares a palavra de Deus no teu dia a dia.<\/p>\n<p>&nbsp;<\/p>\n","protected":false},"excerpt":{"rendered":"<p>O Que Sabemos sobre a B\u00edblia, Deus e a exist\u00eancia de todas as coisas? &nbsp; Encontra respostas neste curso b\u00edblico por correspond\u00eancia gratuito e sem compromisso.Este estudo \u00e9 um encorajamento e uma ajuda para aplicares a palavra de Deus no teu dia a dia. Estou em Portugal e quero fazer [&hellip;]<\/p>\n","protected":false},"author":1,"featured_media":63,"parent":0,"menu_order":0,"comment_status":"closed","ping_status":"closed","template":"page-templates\/template-fullwidth.php","meta":{"_uag_custom_page_level_css":"","_themeisle_gutenberg_block_has_review":false,"footnotes":""},"class_list":["post-65","page","type-page","status-publish","has-post-thumbnail","hentry"],"yoast_head":"<!-- This site is optimized with the Yoast SEO plugin v27.3 - https:\/\/yoast.com\/product\/yoast-seo-wordpress\/ -->\n<title>Curso B\u00edblico por Correspond\u00eancia - Assoc. Miss. MSD Media, Servi\u00e7os e Difus\u00e3o<\/title>\n<meta name=\"robots\" content=\"index, follow, max-snippet:-1, max-image-preview:large, max-video-preview:-1\" \/>\n<link rel=\"canonical\" href=\"https:\/\/msd-online.pt\/pt\/curso-biblico-por-correspondencia\/\" \/>\n<meta property=\"og:locale\" content=\"pt_PT\" \/>\n<meta property=\"og:type\" content=\"article\" \/>\n<meta property=\"og:title\" content=\"Curso B\u00edblico por Correspond\u00eancia - Assoc. Miss. MSD Media, Servi\u00e7os e Difus\u00e3o\" \/>\n<meta property=\"og:description\" content=\"O Que Sabemos sobre a B\u00edblia, Deus e a exist\u00eancia de todas as coisas? &nbsp; Encontra respostas neste curso b\u00edblico por correspond\u00eancia gratuito e sem compromisso.Este estudo \u00e9 um encorajamento e uma ajuda para aplicares a palavra de Deus no teu dia a dia. Estou em Portugal e quero fazer [&hellip;]\" \/>\n<meta property=\"og:url\" content=\"https:\/\/msd-online.pt\/pt\/curso-biblico-por-correspondencia\/\" \/>\n<meta property=\"og:site_name\" content=\"Assoc. Miss. MSD Media, Servi\u00e7os e Difus\u00e3o\" \/>\n<meta property=\"article:modified_time\" content=\"2023-10-17T17:57:00+00:00\" \/>\n<meta property=\"og:image\" content=\"https:\/\/msd-online.pt\/pt\/wp-content\/uploads\/2022\/12\/oquesabemos.jpg\" \/>\n\t<meta property=\"og:image:width\" content=\"574\" \/>\n\t<meta property=\"og:image:height\" content=\"317\" \/>\n\t<meta property=\"og:image:type\" content=\"image\/jpeg\" \/>\n<meta name=\"twitter:card\" content=\"summary_large_image\" \/>\n<meta name=\"twitter:label1\" content=\"Tempo estimado de leitura\" \/>\n\t<meta name=\"twitter:data1\" content=\"2 minutos\" \/>\n<script type=\"application\/ld+json\" class=\"yoast-schema-graph\">{\"@context\":\"https:\\\/\\\/schema.org\",\"@graph\":[{\"@type\":\"WebPage\",\"@id\":\"https:\\\/\\\/msd-online.pt\\\/pt\\\/curso-biblico-por-correspondencia\\\/\",\"url\":\"https:\\\/\\\/msd-online.pt\\\/pt\\\/curso-biblico-por-correspondencia\\\/\",\"name\":\"Curso B\u00edblico por Correspond\u00eancia - Assoc. Miss. MSD Media, Servi\u00e7os e Difus\u00e3o\",\"isPartOf\":{\"@id\":\"https:\\\/\\\/msd-online.pt\\\/pt\\\/#website\"},\"primaryImageOfPage\":{\"@id\":\"https:\\\/\\\/msd-online.pt\\\/pt\\\/curso-biblico-por-correspondencia\\\/#primaryimage\"},\"image\":{\"@id\":\"https:\\\/\\\/msd-online.pt\\\/pt\\\/curso-biblico-por-correspondencia\\\/#primaryimage\"},\"thumbnailUrl\":\"https:\\\/\\\/msd-online.pt\\\/pt\\\/wp-content\\\/uploads\\\/2022\\\/12\\\/oquesabemos.jpg\",\"datePublished\":\"2022-12-09T13:02:30+00:00\",\"dateModified\":\"2023-10-17T17:57:00+00:00\",\"breadcrumb\":{\"@id\":\"https:\\\/\\\/msd-online.pt\\\/pt\\\/curso-biblico-por-correspondencia\\\/#breadcrumb\"},\"inLanguage\":\"pt-PT\",\"potentialAction\":[{\"@type\":\"ReadAction\",\"target\":[\"https:\\\/\\\/msd-online.pt\\\/pt\\\/curso-biblico-por-correspondencia\\\/\"]}]},{\"@type\":\"ImageObject\",\"inLanguage\":\"pt-PT\",\"@id\":\"https:\\\/\\\/msd-online.pt\\\/pt\\\/curso-biblico-por-correspondencia\\\/#primaryimage\",\"url\":\"https:\\\/\\\/msd-online.pt\\\/pt\\\/wp-content\\\/uploads\\\/2022\\\/12\\\/oquesabemos.jpg\",\"contentUrl\":\"https:\\\/\\\/msd-online.pt\\\/pt\\\/wp-content\\\/uploads\\\/2022\\\/12\\\/oquesabemos.jpg\",\"width\":574,\"height\":317},{\"@type\":\"BreadcrumbList\",\"@id\":\"https:\\\/\\\/msd-online.pt\\\/pt\\\/curso-biblico-por-correspondencia\\\/#breadcrumb\",\"itemListElement\":[{\"@type\":\"ListItem\",\"position\":1,\"name\":\"In\u00edcio\",\"item\":\"https:\\\/\\\/msd-online.pt\\\/pt\\\/\"},{\"@type\":\"ListItem\",\"position\":2,\"name\":\"Curso B\u00edblico por Correspond\u00eancia\"}]},{\"@type\":\"WebSite\",\"@id\":\"https:\\\/\\\/msd-online.pt\\\/pt\\\/#website\",\"url\":\"https:\\\/\\\/msd-online.pt\\\/pt\\\/\",\"name\":\"Assoc. Miss. MSD Media, Servi\u00e7os e Difus\u00e3o\",\"description\":\"Queremos levar o evangelho de Jesus Cristo mais perto das pessoas\",\"publisher\":{\"@id\":\"https:\\\/\\\/msd-online.pt\\\/pt\\\/#organization\"},\"potentialAction\":[{\"@type\":\"SearchAction\",\"target\":{\"@type\":\"EntryPoint\",\"urlTemplate\":\"https:\\\/\\\/msd-online.pt\\\/pt\\\/?s={search_term_string}\"},\"query-input\":{\"@type\":\"PropertyValueSpecification\",\"valueRequired\":true,\"valueName\":\"search_term_string\"}}],\"inLanguage\":\"pt-PT\"},{\"@type\":\"Organization\",\"@id\":\"https:\\\/\\\/msd-online.pt\\\/pt\\\/#organization\",\"name\":\"Assoc. Miss. MSD Media, Servi\u00e7os e Difus\u00e3o\",\"url\":\"https:\\\/\\\/msd-online.pt\\\/pt\\\/\",\"logo\":{\"@type\":\"ImageObject\",\"inLanguage\":\"pt-PT\",\"@id\":\"https:\\\/\\\/msd-online.pt\\\/pt\\\/#\\\/schema\\\/logo\\\/image\\\/\",\"url\":\"https:\\\/\\\/msd-online.pt\\\/pt\\\/wp-content\\\/uploads\\\/2022\\\/12\\\/logomsd_pt.png\",\"contentUrl\":\"https:\\\/\\\/msd-online.pt\\\/pt\\\/wp-content\\\/uploads\\\/2022\\\/12\\\/logomsd_pt.png\",\"width\":921,\"height\":422,\"caption\":\"Assoc. Miss. MSD Media, Servi\u00e7os e Difus\u00e3o\"},\"image\":{\"@id\":\"https:\\\/\\\/msd-online.pt\\\/pt\\\/#\\\/schema\\\/logo\\\/image\\\/\"}}]}<\/script>\n<!-- \/ Yoast SEO plugin. -->","yoast_head_json":{"title":"Curso B\u00edblico por Correspond\u00eancia - Assoc. Miss. MSD Media, Servi\u00e7os e Difus\u00e3o","robots":{"index":"index","follow":"follow","max-snippet":"max-snippet:-1","max-image-preview":"max-image-preview:large","max-video-preview":"max-video-preview:-1"},"canonical":"https:\/\/msd-online.pt\/pt\/curso-biblico-por-correspondencia\/","og_locale":"pt_PT","og_type":"article","og_title":"Curso B\u00edblico por Correspond\u00eancia - Assoc. Miss. MSD Media, Servi\u00e7os e Difus\u00e3o","og_description":"O Que Sabemos sobre a B\u00edblia, Deus e a exist\u00eancia de todas as coisas? &nbsp; Encontra respostas neste curso b\u00edblico por correspond\u00eancia gratuito e sem compromisso.Este estudo \u00e9 um encorajamento e uma ajuda para aplicares a palavra de Deus no teu dia a dia. Estou em Portugal e quero fazer [&hellip;]","og_url":"https:\/\/msd-online.pt\/pt\/curso-biblico-por-correspondencia\/","og_site_name":"Assoc. Miss. MSD Media, Servi\u00e7os e Difus\u00e3o","article_modified_time":"2023-10-17T17:57:00+00:00","og_image":[{"width":574,"height":317,"url":"https:\/\/msd-online.pt\/pt\/wp-content\/uploads\/2022\/12\/oquesabemos.jpg","type":"image\/jpeg"}],"twitter_card":"summary_large_image","twitter_misc":{"Tempo estimado de leitura":"2 minutos"},"schema":{"@context":"https:\/\/schema.org","@graph":[{"@type":"WebPage","@id":"https:\/\/msd-online.pt\/pt\/curso-biblico-por-correspondencia\/","url":"https:\/\/msd-online.pt\/pt\/curso-biblico-por-correspondencia\/","name":"Curso B\u00edblico por Correspond\u00eancia - Assoc. Miss. MSD Media, Servi\u00e7os e Difus\u00e3o","isPartOf":{"@id":"https:\/\/msd-online.pt\/pt\/#website"},"primaryImageOfPage":{"@id":"https:\/\/msd-online.pt\/pt\/curso-biblico-por-correspondencia\/#primaryimage"},"image":{"@id":"https:\/\/msd-online.pt\/pt\/curso-biblico-por-correspondencia\/#primaryimage"},"thumbnailUrl":"https:\/\/msd-online.pt\/pt\/wp-content\/uploads\/2022\/12\/oquesabemos.jpg","datePublished":"2022-12-09T13:02:30+00:00","dateModified":"2023-10-17T17:57:00+00:00","breadcrumb":{"@id":"https:\/\/msd-online.pt\/pt\/curso-biblico-por-correspondencia\/#breadcrumb"},"inLanguage":"pt-PT","potentialAction":[{"@type":"ReadAction","target":["https:\/\/msd-online.pt\/pt\/curso-biblico-por-correspondencia\/"]}]},{"@type":"ImageObject","inLanguage":"pt-PT","@id":"https:\/\/msd-online.pt\/pt\/curso-biblico-por-correspondencia\/#primaryimage","url":"https:\/\/msd-online.pt\/pt\/wp-content\/uploads\/2022\/12\/oquesabemos.jpg","contentUrl":"https:\/\/msd-online.pt\/pt\/wp-content\/uploads\/2022\/12\/oquesabemos.jpg","width":574,"height":317},{"@type":"BreadcrumbList","@id":"https:\/\/msd-online.pt\/pt\/curso-biblico-por-correspondencia\/#breadcrumb","itemListElement":[{"@type":"ListItem","position":1,"name":"In\u00edcio","item":"https:\/\/msd-online.pt\/pt\/"},{"@type":"ListItem","position":2,"name":"Curso B\u00edblico por Correspond\u00eancia"}]},{"@type":"WebSite","@id":"https:\/\/msd-online.pt\/pt\/#website","url":"https:\/\/msd-online.pt\/pt\/","name":"Assoc. Miss. MSD Media, Servi\u00e7os e Difus\u00e3o","description":"Queremos levar o evangelho de Jesus Cristo mais perto das pessoas","publisher":{"@id":"https:\/\/msd-online.pt\/pt\/#organization"},"potentialAction":[{"@type":"SearchAction","target":{"@type":"EntryPoint","urlTemplate":"https:\/\/msd-online.pt\/pt\/?s={search_term_string}"},"query-input":{"@type":"PropertyValueSpecification","valueRequired":true,"valueName":"search_term_string"}}],"inLanguage":"pt-PT"},{"@type":"Organization","@id":"https:\/\/msd-online.pt\/pt\/#organization","name":"Assoc. Miss. MSD Media, Servi\u00e7os e Difus\u00e3o","url":"https:\/\/msd-online.pt\/pt\/","logo":{"@type":"ImageObject","inLanguage":"pt-PT","@id":"https:\/\/msd-online.pt\/pt\/#\/schema\/logo\/image\/","url":"https:\/\/msd-online.pt\/pt\/wp-content\/uploads\/2022\/12\/logomsd_pt.png","contentUrl":"https:\/\/msd-online.pt\/pt\/wp-content\/uploads\/2022\/12\/logomsd_pt.png","width":921,"height":422,"caption":"Assoc. Miss. MSD Media, Servi\u00e7os e Difus\u00e3o"},"image":{"@id":"https:\/\/msd-online.pt\/pt\/#\/schema\/logo\/image\/"}}]}},"uagb_featured_image_src":{"full":["https:\/\/msd-online.pt\/pt\/wp-content\/uploads\/2022\/12\/oquesabemos.jpg",574,317,false],"thumbnail":["https:\/\/msd-online.pt\/pt\/wp-content\/uploads\/2022\/12\/oquesabemos-150x150.jpg",150,150,true],"medium":["https:\/\/msd-online.pt\/pt\/wp-content\/uploads\/2022\/12\/oquesabemos-300x166.jpg",300,166,true],"medium_large":["https:\/\/msd-online.pt\/pt\/wp-content\/uploads\/2022\/12\/oquesabemos.jpg",574,317,false],"large":["https:\/\/msd-online.pt\/pt\/wp-content\/uploads\/2022\/12\/oquesabemos.jpg",574,317,false],"1536x1536":["https:\/\/msd-online.pt\/pt\/wp-content\/uploads\/2022\/12\/oquesabemos.jpg",574,317,false],"2048x2048":["https:\/\/msd-online.pt\/pt\/wp-content\/uploads\/2022\/12\/oquesabemos.jpg",574,317,false],"hestia-blog":["https:\/\/msd-online.pt\/pt\/wp-content\/uploads\/2022\/12\/oquesabemos-360x240.jpg",360,240,true]},"uagb_author_info":{"display_name":"MSD","author_link":"https:\/\/msd-online.pt\/pt\/blog\/author\/wpadminmsd\/"},"uagb_comment_info":0,"uagb_excerpt":"O Que Sabemos sobre a B\u00edblia, Deus e a exist\u00eancia de todas as coisas? &nbsp; Encontra respostas neste curso b\u00edblico por correspond\u00eancia gratuito e sem compromisso.Este estudo \u00e9 um encorajamento e uma ajuda para aplicares a palavra de Deus no teu dia a dia. Estou em Portugal e quero fazer [&hellip;]","_links":{"self":[{"href":"https:\/\/msd-online.pt\/pt\/wp-json\/wp\/v2\/pages\/65","targetHints":{"allow":["GET"]}}],"collection":[{"href":"https:\/\/msd-online.pt\/pt\/wp-json\/wp\/v2\/pages"}],"about":[{"href":"https:\/\/msd-online.pt\/pt\/wp-json\/wp\/v2\/types\/page"}],"author":[{"embeddable":true,"href":"https:\/\/msd-online.pt\/pt\/wp-json\/wp\/v2\/users\/1"}],"replies":[{"embeddable":true,"href":"https:\/\/msd-online.pt\/pt\/wp-json\/wp\/v2\/comments?post=65"}],"version-history":[{"count":10,"href":"https:\/\/msd-online.pt\/pt\/wp-json\/wp\/v2\/pages\/65\/revisions"}],"predecessor-version":[{"id":974,"href":"https:\/\/msd-online.pt\/pt\/wp-json\/wp\/v2\/pages\/65\/revisions\/974"}],"wp:featuredmedia":[{"embeddable":true,"href":"https:\/\/msd-online.pt\/pt\/wp-json\/wp\/v2\/media\/63"}],"wp:attachment":[{"href":"https:\/\/msd-online.pt\/pt\/wp-json\/wp\/v2\/media?parent=65"}],"curies":[{"name":"wp","href":"https:\/\/api.w.org\/{rel}","templated":true}]}}