{"id":901,"date":"2022-12-30T12:07:56","date_gmt":"2022-12-30T12:07:56","guid":{"rendered":"https:\/\/msd-online.pt\/pt\/?page_id=901"},"modified":"2023-10-13T10:09:59","modified_gmt":"2023-10-13T10:09:59","slug":"recibos","status":"publish","type":"page","link":"https:\/\/msd-online.pt\/pt\/recibos\/","title":{"rendered":"Recibos"},"content":{"rendered":"<div>\n<h5><strong>Recibos de Donativos:<\/strong><\/h5>\n<p>Para a realiza\u00e7\u00e3o dos seus objetivos, enquanto associa\u00e7\u00e3o mission\u00e1ria sem fins lucrativos, a MSD Media, Servi\u00e7os e Difus\u00e3o \u00e9 financiada por concess\u00f5es volunt\u00e1rias, tais como donativos, colectas, venda ocasional de literatura crist\u00e3, calend\u00e1rios e brochuras devocionais, apresenta\u00e7\u00f5es em suporte audiovisual e todos os outros recursos previstos na lei.<\/p>\n<p>Como tal, a associa\u00e7\u00e3o mission\u00e1ria MSD Media, Servi\u00e7os e Difus\u00e3o n\u00e3o emite faturas mas apenas recibos dos donativos recebidos.<\/p>\n<p>Os donativos feitos por particulares, destinados ao desenvolvimento da atividade desta institui\u00e7\u00e3o religiosa, concedidos sem quaisquer contrapartidas, conforme o disposto no artigo 61\u00ba do EBF, e enquadrado no n\u00ba2 do artigo 63\u00ba do mesmo diploma, s\u00e3o dedut\u00edveis no IRS.<\/p>\n<h5><strong>Comprovativos, dados do benefici\u00e1rio e NIF ou NIPC:<\/strong><\/h5>\n<p><span style=\"color: red; font-size: bold;\">IMPORTANTE:<\/span> Envie-nos por <strong>email<\/strong> o <strong>comprovativo de transfer\u00eancia<\/strong> indicando o <strong>projeto a que se destina<\/strong>, o <strong>nome e morada do benefici\u00e1rio<\/strong> e o <strong>NIF\/NIPC<\/strong> necess\u00e1rios para a emiss\u00e3o do respetivo <strong>Recibo<\/strong>:\n<\/div>\n<div>\n<p>E-Mail: <strong><a href=\"mailto:portugal@msd-online.pt\">portugal@msd-online.pt<\/a><\/strong><\/p>\n<\/div>\n<p>&nbsp;<\/p>\n<p>&nbsp;<\/p>\n","protected":false},"excerpt":{"rendered":"<p>Recibos de Donativos: Para a realiza\u00e7\u00e3o dos seus objetivos, enquanto associa\u00e7\u00e3o mission\u00e1ria sem fins lucrativos, a MSD Media, Servi\u00e7os e Difus\u00e3o \u00e9 financiada por concess\u00f5es volunt\u00e1rias, tais como donativos, colectas, venda ocasional de literatura crist\u00e3, calend\u00e1rios e brochuras devocionais, apresenta\u00e7\u00f5es em suporte audiovisual e todos os outros recursos previstos na [&hellip;]<\/p>\n","protected":false},"author":1,"featured_media":944,"parent":0,"menu_order":0,"comment_status":"closed","ping_status":"closed","template":"page-templates\/template-fullwidth.php","meta":{"_uag_custom_page_level_css":"","_themeisle_gutenberg_block_has_review":false,"footnotes":""},"class_list":["post-901","page","type-page","status-publish","has-post-thumbnail","hentry"],"yoast_head":"<!-- This site is optimized with the Yoast SEO plugin v27.4 - https:\/\/yoast.com\/product\/yoast-seo-wordpress\/ -->\n<title>Recibos - Assoc. Miss. MSD Media, Servi\u00e7os e Difus\u00e3o<\/title>\n<meta name=\"robots\" content=\"index, follow, max-snippet:-1, max-image-preview:large, max-video-preview:-1\" \/>\n<link rel=\"canonical\" href=\"https:\/\/msd-online.pt\/pt\/recibos\/\" \/>\n<meta property=\"og:locale\" content=\"pt_PT\" \/>\n<meta property=\"og:type\" content=\"article\" \/>\n<meta property=\"og:title\" content=\"Recibos - Assoc. Miss. MSD Media, Servi\u00e7os e Difus\u00e3o\" \/>\n<meta property=\"og:description\" content=\"Recibos de Donativos: Para a realiza\u00e7\u00e3o dos seus objetivos, enquanto associa\u00e7\u00e3o mission\u00e1ria sem fins lucrativos, a MSD Media, Servi\u00e7os e Difus\u00e3o \u00e9 financiada por concess\u00f5es volunt\u00e1rias, tais como donativos, colectas, venda ocasional de literatura crist\u00e3, calend\u00e1rios e brochuras devocionais, apresenta\u00e7\u00f5es em suporte audiovisual e todos os outros recursos previstos na [&hellip;]\" \/>\n<meta property=\"og:url\" content=\"https:\/\/msd-online.pt\/pt\/recibos\/\" \/>\n<meta property=\"og:site_name\" content=\"Assoc. Miss. MSD Media, Servi\u00e7os e Difus\u00e3o\" \/>\n<meta property=\"article:modified_time\" content=\"2023-10-13T10:09:59+00:00\" \/>\n<meta property=\"og:image\" content=\"https:\/\/msd-online.pt\/pt\/wp-content\/uploads\/2022\/12\/h_medien1.jpg\" \/>\n\t<meta property=\"og:image:width\" content=\"1600\" \/>\n\t<meta property=\"og:image:height\" content=\"900\" \/>\n\t<meta property=\"og:image:type\" content=\"image\/jpeg\" \/>\n<meta name=\"twitter:card\" content=\"summary_large_image\" \/>\n<meta name=\"twitter:label1\" content=\"Tempo estimado de leitura\" \/>\n\t<meta name=\"twitter:data1\" content=\"1 minuto\" \/>\n<script type=\"application\/ld+json\" class=\"yoast-schema-graph\">{\"@context\":\"https:\\\/\\\/schema.org\",\"@graph\":[{\"@type\":\"WebPage\",\"@id\":\"https:\\\/\\\/msd-online.pt\\\/pt\\\/recibos\\\/\",\"url\":\"https:\\\/\\\/msd-online.pt\\\/pt\\\/recibos\\\/\",\"name\":\"Recibos - Assoc. Miss. MSD Media, Servi\u00e7os e Difus\u00e3o\",\"isPartOf\":{\"@id\":\"https:\\\/\\\/msd-online.pt\\\/pt\\\/#website\"},\"primaryImageOfPage\":{\"@id\":\"https:\\\/\\\/msd-online.pt\\\/pt\\\/recibos\\\/#primaryimage\"},\"image\":{\"@id\":\"https:\\\/\\\/msd-online.pt\\\/pt\\\/recibos\\\/#primaryimage\"},\"thumbnailUrl\":\"https:\\\/\\\/msd-online.pt\\\/pt\\\/wp-content\\\/uploads\\\/2022\\\/12\\\/h_medien1.jpg\",\"datePublished\":\"2022-12-30T12:07:56+00:00\",\"dateModified\":\"2023-10-13T10:09:59+00:00\",\"breadcrumb\":{\"@id\":\"https:\\\/\\\/msd-online.pt\\\/pt\\\/recibos\\\/#breadcrumb\"},\"inLanguage\":\"pt-PT\",\"potentialAction\":[{\"@type\":\"ReadAction\",\"target\":[\"https:\\\/\\\/msd-online.pt\\\/pt\\\/recibos\\\/\"]}]},{\"@type\":\"ImageObject\",\"inLanguage\":\"pt-PT\",\"@id\":\"https:\\\/\\\/msd-online.pt\\\/pt\\\/recibos\\\/#primaryimage\",\"url\":\"https:\\\/\\\/msd-online.pt\\\/pt\\\/wp-content\\\/uploads\\\/2022\\\/12\\\/h_medien1.jpg\",\"contentUrl\":\"https:\\\/\\\/msd-online.pt\\\/pt\\\/wp-content\\\/uploads\\\/2022\\\/12\\\/h_medien1.jpg\",\"width\":1600,\"height\":900,\"caption\":\"Recibos\"},{\"@type\":\"BreadcrumbList\",\"@id\":\"https:\\\/\\\/msd-online.pt\\\/pt\\\/recibos\\\/#breadcrumb\",\"itemListElement\":[{\"@type\":\"ListItem\",\"position\":1,\"name\":\"In\u00edcio\",\"item\":\"https:\\\/\\\/msd-online.pt\\\/pt\\\/\"},{\"@type\":\"ListItem\",\"position\":2,\"name\":\"Recibos\"}]},{\"@type\":\"WebSite\",\"@id\":\"https:\\\/\\\/msd-online.pt\\\/pt\\\/#website\",\"url\":\"https:\\\/\\\/msd-online.pt\\\/pt\\\/\",\"name\":\"Assoc. Miss. MSD Media, Servi\u00e7os e Difus\u00e3o\",\"description\":\"Queremos levar o evangelho de Jesus Cristo mais perto das pessoas\",\"publisher\":{\"@id\":\"https:\\\/\\\/msd-online.pt\\\/pt\\\/#organization\"},\"potentialAction\":[{\"@type\":\"SearchAction\",\"target\":{\"@type\":\"EntryPoint\",\"urlTemplate\":\"https:\\\/\\\/msd-online.pt\\\/pt\\\/?s={search_term_string}\"},\"query-input\":{\"@type\":\"PropertyValueSpecification\",\"valueRequired\":true,\"valueName\":\"search_term_string\"}}],\"inLanguage\":\"pt-PT\"},{\"@type\":\"Organization\",\"@id\":\"https:\\\/\\\/msd-online.pt\\\/pt\\\/#organization\",\"name\":\"Assoc. Miss. MSD Media, Servi\u00e7os e Difus\u00e3o\",\"url\":\"https:\\\/\\\/msd-online.pt\\\/pt\\\/\",\"logo\":{\"@type\":\"ImageObject\",\"inLanguage\":\"pt-PT\",\"@id\":\"https:\\\/\\\/msd-online.pt\\\/pt\\\/#\\\/schema\\\/logo\\\/image\\\/\",\"url\":\"https:\\\/\\\/msd-online.pt\\\/pt\\\/wp-content\\\/uploads\\\/2022\\\/12\\\/logomsd_pt.png\",\"contentUrl\":\"https:\\\/\\\/msd-online.pt\\\/pt\\\/wp-content\\\/uploads\\\/2022\\\/12\\\/logomsd_pt.png\",\"width\":921,\"height\":422,\"caption\":\"Assoc. Miss. MSD Media, Servi\u00e7os e Difus\u00e3o\"},\"image\":{\"@id\":\"https:\\\/\\\/msd-online.pt\\\/pt\\\/#\\\/schema\\\/logo\\\/image\\\/\"}}]}<\/script>\n<!-- \/ Yoast SEO plugin. -->","yoast_head_json":{"title":"Recibos - Assoc. Miss. MSD Media, Servi\u00e7os e Difus\u00e3o","robots":{"index":"index","follow":"follow","max-snippet":"max-snippet:-1","max-image-preview":"max-image-preview:large","max-video-preview":"max-video-preview:-1"},"canonical":"https:\/\/msd-online.pt\/pt\/recibos\/","og_locale":"pt_PT","og_type":"article","og_title":"Recibos - Assoc. Miss. MSD Media, Servi\u00e7os e Difus\u00e3o","og_description":"Recibos de Donativos: Para a realiza\u00e7\u00e3o dos seus objetivos, enquanto associa\u00e7\u00e3o mission\u00e1ria sem fins lucrativos, a MSD Media, Servi\u00e7os e Difus\u00e3o \u00e9 financiada por concess\u00f5es volunt\u00e1rias, tais como donativos, colectas, venda ocasional de literatura crist\u00e3, calend\u00e1rios e brochuras devocionais, apresenta\u00e7\u00f5es em suporte audiovisual e todos os outros recursos previstos na [&hellip;]","og_url":"https:\/\/msd-online.pt\/pt\/recibos\/","og_site_name":"Assoc. Miss. MSD Media, Servi\u00e7os e Difus\u00e3o","article_modified_time":"2023-10-13T10:09:59+00:00","og_image":[{"width":1600,"height":900,"url":"https:\/\/msd-online.pt\/pt\/wp-content\/uploads\/2022\/12\/h_medien1.jpg","type":"image\/jpeg"}],"twitter_card":"summary_large_image","twitter_misc":{"Tempo estimado de leitura":"1 minuto"},"schema":{"@context":"https:\/\/schema.org","@graph":[{"@type":"WebPage","@id":"https:\/\/msd-online.pt\/pt\/recibos\/","url":"https:\/\/msd-online.pt\/pt\/recibos\/","name":"Recibos - Assoc. Miss. MSD Media, Servi\u00e7os e Difus\u00e3o","isPartOf":{"@id":"https:\/\/msd-online.pt\/pt\/#website"},"primaryImageOfPage":{"@id":"https:\/\/msd-online.pt\/pt\/recibos\/#primaryimage"},"image":{"@id":"https:\/\/msd-online.pt\/pt\/recibos\/#primaryimage"},"thumbnailUrl":"https:\/\/msd-online.pt\/pt\/wp-content\/uploads\/2022\/12\/h_medien1.jpg","datePublished":"2022-12-30T12:07:56+00:00","dateModified":"2023-10-13T10:09:59+00:00","breadcrumb":{"@id":"https:\/\/msd-online.pt\/pt\/recibos\/#breadcrumb"},"inLanguage":"pt-PT","potentialAction":[{"@type":"ReadAction","target":["https:\/\/msd-online.pt\/pt\/recibos\/"]}]},{"@type":"ImageObject","inLanguage":"pt-PT","@id":"https:\/\/msd-online.pt\/pt\/recibos\/#primaryimage","url":"https:\/\/msd-online.pt\/pt\/wp-content\/uploads\/2022\/12\/h_medien1.jpg","contentUrl":"https:\/\/msd-online.pt\/pt\/wp-content\/uploads\/2022\/12\/h_medien1.jpg","width":1600,"height":900,"caption":"Recibos"},{"@type":"BreadcrumbList","@id":"https:\/\/msd-online.pt\/pt\/recibos\/#breadcrumb","itemListElement":[{"@type":"ListItem","position":1,"name":"In\u00edcio","item":"https:\/\/msd-online.pt\/pt\/"},{"@type":"ListItem","position":2,"name":"Recibos"}]},{"@type":"WebSite","@id":"https:\/\/msd-online.pt\/pt\/#website","url":"https:\/\/msd-online.pt\/pt\/","name":"Assoc. Miss. MSD Media, Servi\u00e7os e Difus\u00e3o","description":"Queremos levar o evangelho de Jesus Cristo mais perto das pessoas","publisher":{"@id":"https:\/\/msd-online.pt\/pt\/#organization"},"potentialAction":[{"@type":"SearchAction","target":{"@type":"EntryPoint","urlTemplate":"https:\/\/msd-online.pt\/pt\/?s={search_term_string}"},"query-input":{"@type":"PropertyValueSpecification","valueRequired":true,"valueName":"search_term_string"}}],"inLanguage":"pt-PT"},{"@type":"Organization","@id":"https:\/\/msd-online.pt\/pt\/#organization","name":"Assoc. Miss. MSD Media, Servi\u00e7os e Difus\u00e3o","url":"https:\/\/msd-online.pt\/pt\/","logo":{"@type":"ImageObject","inLanguage":"pt-PT","@id":"https:\/\/msd-online.pt\/pt\/#\/schema\/logo\/image\/","url":"https:\/\/msd-online.pt\/pt\/wp-content\/uploads\/2022\/12\/logomsd_pt.png","contentUrl":"https:\/\/msd-online.pt\/pt\/wp-content\/uploads\/2022\/12\/logomsd_pt.png","width":921,"height":422,"caption":"Assoc. Miss. MSD Media, Servi\u00e7os e Difus\u00e3o"},"image":{"@id":"https:\/\/msd-online.pt\/pt\/#\/schema\/logo\/image\/"}}]}},"uagb_featured_image_src":{"full":["https:\/\/msd-online.pt\/pt\/wp-content\/uploads\/2022\/12\/h_medien1.jpg",1600,900,false],"thumbnail":["https:\/\/msd-online.pt\/pt\/wp-content\/uploads\/2022\/12\/h_medien1-150x150.jpg",150,150,true],"medium":["https:\/\/msd-online.pt\/pt\/wp-content\/uploads\/2022\/12\/h_medien1-300x169.jpg",300,169,true],"medium_large":["https:\/\/msd-online.pt\/pt\/wp-content\/uploads\/2022\/12\/h_medien1-768x432.jpg",750,422,true],"large":["https:\/\/msd-online.pt\/pt\/wp-content\/uploads\/2022\/12\/h_medien1-1024x576.jpg",750,422,true],"1536x1536":["https:\/\/msd-online.pt\/pt\/wp-content\/uploads\/2022\/12\/h_medien1-1536x864.jpg",1536,864,true],"2048x2048":["https:\/\/msd-online.pt\/pt\/wp-content\/uploads\/2022\/12\/h_medien1.jpg",1600,900,false],"hestia-blog":["https:\/\/msd-online.pt\/pt\/wp-content\/uploads\/2022\/12\/h_medien1-360x240.jpg",360,240,true]},"uagb_author_info":{"display_name":"MSD","author_link":"https:\/\/msd-online.pt\/pt\/blog\/author\/wpadminmsd\/"},"uagb_comment_info":0,"uagb_excerpt":"Recibos de Donativos: Para a realiza\u00e7\u00e3o dos seus objetivos, enquanto associa\u00e7\u00e3o mission\u00e1ria sem fins lucrativos, a MSD Media, Servi\u00e7os e Difus\u00e3o \u00e9 financiada por concess\u00f5es volunt\u00e1rias, tais como donativos, colectas, venda ocasional de literatura crist\u00e3, calend\u00e1rios e brochuras devocionais, apresenta\u00e7\u00f5es em suporte audiovisual e todos os outros recursos previstos na [&hellip;]","_links":{"self":[{"href":"https:\/\/msd-online.pt\/pt\/wp-json\/wp\/v2\/pages\/901","targetHints":{"allow":["GET"]}}],"collection":[{"href":"https:\/\/msd-online.pt\/pt\/wp-json\/wp\/v2\/pages"}],"about":[{"href":"https:\/\/msd-online.pt\/pt\/wp-json\/wp\/v2\/types\/page"}],"author":[{"embeddable":true,"href":"https:\/\/msd-online.pt\/pt\/wp-json\/wp\/v2\/users\/1"}],"replies":[{"embeddable":true,"href":"https:\/\/msd-online.pt\/pt\/wp-json\/wp\/v2\/comments?post=901"}],"version-history":[{"count":19,"href":"https:\/\/msd-online.pt\/pt\/wp-json\/wp\/v2\/pages\/901\/revisions"}],"predecessor-version":[{"id":971,"href":"https:\/\/msd-online.pt\/pt\/wp-json\/wp\/v2\/pages\/901\/revisions\/971"}],"wp:featuredmedia":[{"embeddable":true,"href":"https:\/\/msd-online.pt\/pt\/wp-json\/wp\/v2\/media\/944"}],"wp:attachment":[{"href":"https:\/\/msd-online.pt\/pt\/wp-json\/wp\/v2\/media?parent=901"}],"curies":[{"name":"wp","href":"https:\/\/api.w.org\/{rel}","templated":true}]}}